{"id":27644,"date":"2024-10-17T10:18:23","date_gmt":"2024-10-17T10:18:23","guid":{"rendered":"https:\/\/www.novacure.com.tr\/?page_id=27644"},"modified":"2025-08-16T09:42:27","modified_gmt":"2025-08-16T09:42:27","slug":"our-clients","status":"publish","type":"page","link":"https:\/\/www.novacure.com.tr\/en\/our-clients\/","title":{"rendered":"Our Business Partners"},"content":{"rendered":"<div data-elementor-type=\"wp-page\" data-elementor-id=\"27644\" class=\"elementor elementor-27644\">\n\t\t\t\t\t\t<section class=\"elementor-section elementor-top-section elementor-element elementor-element-1308989 elementor-section-full_width elementor-section-height-default elementor-section-height-default sc_fly_static\" data-id=\"1308989\" data-element_type=\"section\">\n\t\t\t\t\t\t<div class=\"elementor-container elementor-column-gap-no\">\n\t\t\t\t\t<div class=\"elementor-column elementor-col-100 elementor-top-column elementor-element elementor-element-c9b5017 sc_content_align_inherit sc_layouts_column_icons_position_left sc_fly_static\" data-id=\"c9b5017\" data-element_type=\"column\">\n\t\t\t<div class=\"elementor-widget-wrap elementor-element-populated\">\n\t\t\t\t\t\t<div class=\"elementor-element elementor-element-22e3d71 sc_layouts_hide_on_notebook sc_layouts_hide_on_tablet sc_layouts_hide_on_mobile sc_fly_static elementor-widget elementor-widget-spacer\" data-id=\"22e3d71\" data-element_type=\"widget\" data-widget_type=\"spacer.default\">\n\t\t\t\t<div class=\"elementor-widget-container\">\n\t\t\t\t\t\t\t<div class=\"elementor-spacer\">\n\t\t\t<div class=\"elementor-spacer-inner\"><\/div>\n\t\t<\/div>\n\t\t\t\t\t\t<\/div>\n\t\t\t\t<\/div>\n\t\t\t\t<div class=\"elementor-element elementor-element-66f51b7 sc_height_huge sc_fly_static elementor-widget elementor-widget-spacer\" data-id=\"66f51b7\" data-element_type=\"widget\" data-widget_type=\"spacer.default\">\n\t\t\t\t<div class=\"elementor-widget-container\">\n\t\t\t\t\t\t\t<div class=\"elementor-spacer\">\n\t\t\t<div class=\"elementor-spacer-inner\"><\/div>\n\t\t<\/div>\n\t\t\t\t\t\t<\/div>\n\t\t\t\t<\/div>\n\t\t\t\t<section class=\"elementor-section elementor-inner-section elementor-element elementor-element-5426149 elementor-section-boxed elementor-section-height-default elementor-section-height-default sc_fly_static\" data-id=\"5426149\" data-element_type=\"section\">\n\t\t\t\t\t\t<div class=\"elementor-container elementor-column-gap-extended\">\n\t\t\t\t\t<div class=\"elementor-column elementor-col-50 elementor-inner-column elementor-element elementor-element-9c5424f sc_content_align_inherit sc_layouts_column_icons_position_left sc_fly_static\" data-id=\"9c5424f\" data-element_type=\"column\">\n\t\t\t<div class=\"elementor-widget-wrap elementor-element-populated\">\n\t\t\t\t\t\t<div class=\"elementor-element elementor-element-f430f0f sc_fly_static elementor-widget elementor-widget-trx_sc_title\" data-id=\"f430f0f\" data-element_type=\"widget\" data-widget_type=\"trx_sc_title.default\">\n\t\t\t\t<div class=\"elementor-widget-container\">\n\t\t\t\t\t<div\t\tclass=\"sc_title sc_title_default\" ><span class=\"sc_item_subtitle sc_title_subtitle sc_item_subtitle_above sc_item_title_style_default\">Our Business Partners<\/span><h3 class=\"sc_item_title sc_title_title sc_item_title_style_default sc_item_title_tag\"\n\t\t\t><span class=\"sc_item_title_text\">Shaping the future together in rare diseases.<\/span><\/h3><\/div>\t\t\t\t<\/div>\n\t\t\t\t<\/div>\n\t\t\t\t\t<\/div>\n\t\t<\/div>\n\t\t\t\t<div class=\"elementor-column elementor-col-50 elementor-inner-column elementor-element elementor-element-b7962f4 sc_content_align_inherit sc_layouts_column_icons_position_left sc_fly_static\" data-id=\"b7962f4\" data-element_type=\"column\">\n\t\t\t<div class=\"elementor-widget-wrap elementor-element-populated\">\n\t\t\t\t\t\t<div class=\"elementor-element elementor-element-0ecd0be sc_layouts_hide_on_tablet sc_fly_static elementor-widget elementor-widget-spacer\" data-id=\"0ecd0be\" data-element_type=\"widget\" data-widget_type=\"spacer.default\">\n\t\t\t\t<div class=\"elementor-widget-container\">\n\t\t\t\t\t\t\t<div class=\"elementor-spacer\">\n\t\t\t<div class=\"elementor-spacer-inner\"><\/div>\n\t\t<\/div>\n\t\t\t\t\t\t<\/div>\n\t\t\t\t<\/div>\n\t\t\t\t<div class=\"elementor-element elementor-element-44f2cae sc_fly_static elementor-widget elementor-widget-text-editor\" data-id=\"44f2cae\" data-element_type=\"widget\" data-widget_type=\"text-editor.default\">\n\t\t\t\t<div class=\"elementor-widget-container\">\n\t\t\t\t\t\t\t\t\t<p>Novacure, nadir hastal\u0131klar\u0131n tedavisinde T\u00fcrkiye\u2019ye global standartlarda \u00e7\u00f6z\u00fcmler kazand\u0131rmak<br \/>amac\u0131yla, mevcut i\u015f birli\u011fi yapt\u0131\u011f\u0131m\u0131z firmalarla stratejik ortakl\u0131klar y\u00fcr\u00fctmektedir. Bu g\u00fc\u00e7l\u00fc i\u015f<br \/>birlikleri; transplantasyon, hematoloji, onkoloji ve n\u00f6roloji alanlar\u0131nda, hastalar\u0131n ya\u015fam kalitesini<br \/>art\u0131racak yenilik\u00e7i ve g\u00fcvenilir tedavi se\u00e7eneklerini hekimlerin hizmetine sunmam\u0131za olanak sa\u011flar.<\/p>\t\t\t\t\t\t\t\t<\/div>\n\t\t\t\t<\/div>\n\t\t\t\t\t<\/div>\n\t\t<\/div>\n\t\t\t\t\t<\/div>\n\t\t<\/section>\n\t\t\t\t\t<\/div>\n\t\t<\/div>\n\t\t\t\t\t<\/div>\n\t\t<\/section>\n\t\t\t\t<section class=\"elementor-section elementor-top-section elementor-element elementor-element-f666f69 elementor-section-full_width elementor-section-height-default elementor-section-height-default sc_fly_static\" data-id=\"f666f69\" data-element_type=\"section\">\n\t\t\t\t\t\t<div class=\"elementor-container elementor-column-gap-no\">\n\t\t\t\t\t<div class=\"elementor-column elementor-col-100 elementor-top-column elementor-element elementor-element-9b5a16b sc_content_align_inherit sc_layouts_column_icons_position_left sc_fly_static\" data-id=\"9b5a16b\" data-element_type=\"column\">\n\t\t\t<div class=\"elementor-widget-wrap elementor-element-populated\">\n\t\t\t\t\t\t<div class=\"elementor-element elementor-element-c21f535 sc_fly_static elementor-widget elementor-widget-spacer\" data-id=\"c21f535\" data-element_type=\"widget\" data-widget_type=\"spacer.default\">\n\t\t\t\t<div class=\"elementor-widget-container\">\n\t\t\t\t\t\t\t<div class=\"elementor-spacer\">\n\t\t\t<div class=\"elementor-spacer-inner\"><\/div>\n\t\t<\/div>\n\t\t\t\t\t\t<\/div>\n\t\t\t\t<\/div>\n\t\t\t\t\t<\/div>\n\t\t<\/div>\n\t\t\t\t\t<\/div>\n\t\t<\/section>\n\t\t\t\t<section class=\"elementor-section elementor-top-section elementor-element elementor-element-14ed5b3 elementor-section-boxed elementor-section-height-default elementor-section-height-default sc_fly_static\" data-id=\"14ed5b3\" data-element_type=\"section\">\n\t\t\t\t\t\t<div class=\"elementor-container elementor-column-gap-extended\">\n\t\t\t\t\t<div class=\"elementor-column elementor-col-33 elementor-top-column elementor-element elementor-element-5c32c1c sc_content_align_inherit sc_layouts_column_icons_position_left sc_fly_static\" data-id=\"5c32c1c\" data-element_type=\"column\">\n\t\t\t<div class=\"elementor-widget-wrap elementor-element-populated\">\n\t\t\t\t\t\t<div class=\"elementor-element elementor-element-47a3ca1 sc_fly_static elementor-widget elementor-widget-image\" data-id=\"47a3ca1\" data-element_type=\"widget\" data-widget_type=\"image.default\">\n\t\t\t\t<div class=\"elementor-widget-container\">\n\t\t\t\t\t\t\t\t\t\t\t\t\t\t\t\t<a href=\"https:\/\/palmed.com.tr\/\" target=\"_blank\">\n\t\t\t\t\t\t\t<img decoding=\"async\" width=\"170\" height=\"60\" src=\"https:\/\/www.novacure.com.tr\/wp-content\/uploads\/2025\/07\/palmed.png\" class=\"attachment-full size-full wp-image-65241\" alt=\"\" \/>\t\t\t\t\t\t\t\t<\/a>\n\t\t\t\t\t\t\t\t\t\t\t\t\t\t\t<\/div>\n\t\t\t\t<\/div>\n\t\t\t\t\t<\/div>\n\t\t<\/div>\n\t\t\t\t<div class=\"elementor-column elementor-col-33 elementor-top-column elementor-element elementor-element-9a25b70 sc_content_align_inherit sc_layouts_column_icons_position_left sc_fly_static\" data-id=\"9a25b70\" data-element_type=\"column\">\n\t\t\t<div class=\"elementor-widget-wrap elementor-element-populated\">\n\t\t\t\t\t\t<div class=\"elementor-element elementor-element-9a5b5e8 sc_fly_static elementor-widget elementor-widget-image\" data-id=\"9a5b5e8\" data-element_type=\"widget\" data-widget_type=\"image.default\">\n\t\t\t\t<div class=\"elementor-widget-container\">\n\t\t\t\t\t\t\t\t\t\t\t\t\t\t\t\t<a href=\"https:\/\/estetikdermal.com\/\" target=\"_blank\">\n\t\t\t\t\t\t\t<img decoding=\"async\" width=\"359\" height=\"36\" src=\"https:\/\/www.novacure.com.tr\/wp-content\/uploads\/2025\/07\/dermallogo.png\" class=\"attachment-full size-full wp-image-65242\" alt=\"\" srcset=\"https:\/\/www.novacure.com.tr\/wp-content\/uploads\/2025\/07\/dermallogo.png 359w, https:\/\/www.novacure.com.tr\/wp-content\/uploads\/2025\/07\/dermallogo-300x30.png 300w, https:\/\/www.novacure.com.tr\/wp-content\/uploads\/2025\/07\/dermallogo-350x36.png 350w\" sizes=\"(max-width: 600px) 100vw, 359px\" \/>\t\t\t\t\t\t\t\t<\/a>\n\t\t\t\t\t\t\t\t\t\t\t\t\t\t\t<\/div>\n\t\t\t\t<\/div>\n\t\t\t\t\t<\/div>\n\t\t<\/div>\n\t\t\t\t<div class=\"elementor-column elementor-col-33 elementor-top-column elementor-element elementor-element-bbf05b7 sc_content_align_inherit sc_layouts_column_icons_position_left sc_fly_static\" data-id=\"bbf05b7\" data-element_type=\"column\">\n\t\t\t<div class=\"elementor-widget-wrap elementor-element-populated\">\n\t\t\t\t\t\t<div class=\"elementor-element elementor-element-a7dce10 elementor-widget__width-initial sc_fly_static elementor-widget elementor-widget-image\" data-id=\"a7dce10\" data-element_type=\"widget\" data-widget_type=\"image.default\">\n\t\t\t\t<div class=\"elementor-widget-container\">\n\t\t\t\t\t\t\t\t\t\t\t\t\t\t\t\t<a href=\"https:\/\/stemturk.com.tr\" target=\"_blank\">\n\t\t\t\t\t\t\t<img fetchpriority=\"high\" decoding=\"async\" width=\"466\" height=\"198\" src=\"https:\/\/www.novacure.com.tr\/wp-content\/uploads\/2025\/08\/stem-turk-logo.png\" class=\"attachment-full size-full wp-image-65403\" alt=\"\" srcset=\"https:\/\/www.novacure.com.tr\/wp-content\/uploads\/2025\/08\/stem-turk-logo.png 466w, https:\/\/www.novacure.com.tr\/wp-content\/uploads\/2025\/08\/stem-turk-logo-300x127.png 300w, https:\/\/www.novacure.com.tr\/wp-content\/uploads\/2025\/08\/stem-turk-logo-18x8.png 18w, https:\/\/www.novacure.com.tr\/wp-content\/uploads\/2025\/08\/stem-turk-logo-370x157.png 370w, https:\/\/www.novacure.com.tr\/wp-content\/uploads\/2025\/08\/stem-turk-logo-410x174.png 410w\" sizes=\"(max-width: 600px) 100vw, 466px\" \/>\t\t\t\t\t\t\t\t<\/a>\n\t\t\t\t\t\t\t\t\t\t\t\t\t\t\t<\/div>\n\t\t\t\t<\/div>\n\t\t\t\t\t<\/div>\n\t\t<\/div>\n\t\t\t\t\t<\/div>\n\t\t<\/section>\n\t\t\t\t<section class=\"elementor-section elementor-top-section elementor-element elementor-element-967e582 elementor-section-full_width elementor-section-height-default elementor-section-height-default sc_fly_static\" data-id=\"967e582\" data-element_type=\"section\">\n\t\t\t\t\t\t<div class=\"elementor-container elementor-column-gap-no\">\n\t\t\t\t\t<div class=\"elementor-column elementor-col-100 elementor-top-column elementor-element elementor-element-fba80f4 sc_content_align_inherit sc_layouts_column_icons_position_left sc_fly_static\" data-id=\"fba80f4\" data-element_type=\"column\">\n\t\t\t<div class=\"elementor-widget-wrap elementor-element-populated\">\n\t\t\t\t\t\t<div class=\"elementor-element elementor-element-a8e7038 sc_height_huge sc_fly_static elementor-widget elementor-widget-spacer\" data-id=\"a8e7038\" data-element_type=\"widget\" data-widget_type=\"spacer.default\">\n\t\t\t\t<div class=\"elementor-widget-container\">\n\t\t\t\t\t\t\t<div class=\"elementor-spacer\">\n\t\t\t<div class=\"elementor-spacer-inner\"><\/div>\n\t\t<\/div>\n\t\t\t\t\t\t<\/div>\n\t\t\t\t<\/div>\n\t\t\t\t\t<\/div>\n\t\t<\/div>\n\t\t\t\t\t<\/div>\n\t\t<\/section>\n\t\t\t\t<\/div>","protected":false},"excerpt":{"rendered":"<p>\u0130\u015f Ortaklar\u0131m\u0131z Nadir hastal\u0131klarda gelece\u011fi birlikte \u015fekillendiriyoruz. Novacure, nadir hastal\u0131klar\u0131n tedavisinde T\u00fcrkiye\u2019ye global standartlarda \u00e7\u00f6z\u00fcmler kazand\u0131rmakamac\u0131yla, mevcut i\u015f birli\u011fi yapt\u0131\u011f\u0131m\u0131z firmalarla stratejik ortakl\u0131klar y\u00fcr\u00fctmektedir. Bu g\u00fc\u00e7l\u00fc i\u015fbirlikleri; transplantasyon, hematoloji, onkoloji&hellip;<\/p>","protected":false},"author":1,"featured_media":0,"parent":0,"menu_order":0,"comment_status":"closed","ping_status":"closed","template":"","meta":{"footnotes":""},"class_list":["post-27644","page","type-page","status-publish","hentry"],"_links":{"self":[{"href":"https:\/\/www.novacure.com.tr\/en\/wp-json\/wp\/v2\/pages\/27644","targetHints":{"allow":["GET"]}}],"collection":[{"href":"https:\/\/www.novacure.com.tr\/en\/wp-json\/wp\/v2\/pages"}],"about":[{"href":"https:\/\/www.novacure.com.tr\/en\/wp-json\/wp\/v2\/types\/page"}],"author":[{"embeddable":true,"href":"https:\/\/www.novacure.com.tr\/en\/wp-json\/wp\/v2\/users\/1"}],"replies":[{"embeddable":true,"href":"https:\/\/www.novacure.com.tr\/en\/wp-json\/wp\/v2\/comments?post=27644"}],"version-history":[{"count":19,"href":"https:\/\/www.novacure.com.tr\/en\/wp-json\/wp\/v2\/pages\/27644\/revisions"}],"predecessor-version":[{"id":65428,"href":"https:\/\/www.novacure.com.tr\/en\/wp-json\/wp\/v2\/pages\/27644\/revisions\/65428"}],"wp:attachment":[{"href":"https:\/\/www.novacure.com.tr\/en\/wp-json\/wp\/v2\/media?parent=27644"}],"curies":[{"name":"wp","href":"https:\/\/api.w.org\/{rel}","templated":true}]}}